{"id":187,"date":"2021-01-17T17:24:38","date_gmt":"2021-01-17T17:24:38","guid":{"rendered":"https:\/\/goekalan-fotografie.de\/?page_id=187"},"modified":"2021-01-17T17:24:40","modified_gmt":"2021-01-17T17:24:40","slug":"impressum","status":"publish","type":"page","link":"https:\/\/goekalan-fotografie.de\/?page_id=187","title":{"rendered":"Impressum"},"content":{"rendered":"\n<p><strong>Angaben gem. \u00a7 5 TMG<\/strong><\/p>\n\n\n\n<p>Fatma G\u00f6kalan<\/p>\n\n\n\n<p>Orff-Str. 7a<br>48346 Ostbevern<\/p>\n\n\n\n<p><strong>Kontakt:<\/strong><\/p>\n\n\n\n<p>Tel:&nbsp;01705269951 oder 02532963790<br>E-Mail: info@goekalan-fotografie.de<\/p>\n\n\n\n<p><strong>Verantwortlich f\u00fcr den Inhalt nach \u00a7 55 Abs. 2 RStV:<\/strong><\/p>\n\n\n\n<p>Fatma G\u00f6kalan<\/p>\n\n\n\n<p><strong><u>Europ\u00e4ische Online-Streitbeilegungs-Plattform<br><\/u><\/strong>Ab dem 15. Februar 2016 hat die EU-Kommission eine Plattform zur au\u00dfergerichtlichen Streitschlichtung bereit gestellt. Als Verbraucher gibt dies die M\u00f6glichkeit, Streitigkeiten im Zusammenhang mit Online-Bestellungen vorerst ohne Einschaltung eines Gerichts zu kl\u00e4ren. Die Streitbeilegungs-Plattform kann unter folgendem Link erreicht werden:&nbsp;<a href=\"https:\/\/ec.europa.eu\/consumers\/odr\/main\/index.cfm?event=main.home.show&amp;lng=DE\">https:\/\/ec.europa.eu\/consumers\/odr\/main\/index.cfm?event=main.home.show&amp;lng=DE<\/a><\/p>\n","protected":false},"excerpt":{"rendered":"<p>Angaben gem. \u00a7 5 TMG Fatma G\u00f6kalan Orff-Str. 7a48346 Ostbevern Kontakt: Tel:&nbsp;01705269951 oder 02532963790E-Mail: info@goekalan-fotografie.de Verantwortlich f\u00fcr den Inhalt nach \u00a7 55 Abs. 2 RStV: Fatma G\u00f6kalan Europ\u00e4ische Online-Streitbeilegungs-PlattformAb dem 15. Februar 2016 hat die EU-Kommission eine Plattform zur au\u00dfergerichtlichen Streitschlichtung bereit gestellt. Als Verbraucher gibt dies die M\u00f6glichkeit, Streitigkeiten im Zusammenhang mit Online-Bestellungen vorerst...<\/p>\n","protected":false},"author":1,"featured_media":0,"parent":0,"menu_order":0,"comment_status":"closed","ping_status":"closed","template":"","meta":{"pp_embeds":"{}","footnotes":""},"class_list":["post-187","page","type-page","status-publish","hentry"],"yoast_head":"<!-- This site is optimized with the Yoast SEO plugin v25.1 - https:\/\/yoast.com\/wordpress\/plugins\/seo\/ -->\n<title>Impressum - G\u00f6kalan Fotografie<\/title>\n<meta name=\"robots\" content=\"index, follow, max-snippet:-1, max-image-preview:large, max-video-preview:-1\" \/>\n<link rel=\"canonical\" href=\"https:\/\/goekalan-fotografie.de\/?page_id=187\" \/>\n<meta property=\"og:locale\" content=\"de_DE\" \/>\n<meta property=\"og:type\" content=\"article\" \/>\n<meta property=\"og:title\" content=\"Impressum - G\u00f6kalan Fotografie\" \/>\n<meta property=\"og:description\" content=\"Angaben gem. \u00a7 5 TMG Fatma G\u00f6kalan Orff-Str. 7a48346 Ostbevern Kontakt: Tel:&nbsp;01705269951 oder 02532963790E-Mail: info@goekalan-fotografie.de Verantwortlich f\u00fcr den Inhalt nach \u00a7 55 Abs. 2 RStV: Fatma G\u00f6kalan Europ\u00e4ische Online-Streitbeilegungs-PlattformAb dem 15. Februar 2016 hat die EU-Kommission eine Plattform zur au\u00dfergerichtlichen Streitschlichtung bereit gestellt. Als Verbraucher gibt dies die M\u00f6glichkeit, Streitigkeiten im Zusammenhang mit Online-Bestellungen vorerst [&hellip;]\" \/>\n<meta property=\"og:url\" content=\"https:\/\/goekalan-fotografie.de\/?page_id=187\" \/>\n<meta property=\"og:site_name\" content=\"G\u00f6kalan Fotografie\" \/>\n<meta property=\"article:modified_time\" content=\"2021-01-17T17:24:40+00:00\" \/>\n<meta name=\"twitter:card\" content=\"summary_large_image\" \/>\n<script type=\"application\/ld+json\" class=\"yoast-schema-graph\">{\"@context\":\"https:\/\/schema.org\",\"@graph\":[{\"@type\":\"WebPage\",\"@id\":\"https:\/\/goekalan-fotografie.de\/?page_id=187\",\"url\":\"https:\/\/goekalan-fotografie.de\/?page_id=187\",\"name\":\"Impressum - G\u00f6kalan Fotografie\",\"isPartOf\":{\"@id\":\"https:\/\/goekalan-fotografie.de\/#website\"},\"datePublished\":\"2021-01-17T17:24:38+00:00\",\"dateModified\":\"2021-01-17T17:24:40+00:00\",\"breadcrumb\":{\"@id\":\"https:\/\/goekalan-fotografie.de\/?page_id=187#breadcrumb\"},\"inLanguage\":\"de\",\"potentialAction\":[{\"@type\":\"ReadAction\",\"target\":[\"https:\/\/goekalan-fotografie.de\/?page_id=187\"]}]},{\"@type\":\"BreadcrumbList\",\"@id\":\"https:\/\/goekalan-fotografie.de\/?page_id=187#breadcrumb\",\"itemListElement\":[{\"@type\":\"ListItem\",\"position\":1,\"name\":\"Startseite\",\"item\":\"https:\/\/goekalan-fotografie.de\/\"},{\"@type\":\"ListItem\",\"position\":2,\"name\":\"Impressum\"}]},{\"@type\":\"WebSite\",\"@id\":\"https:\/\/goekalan-fotografie.de\/#website\",\"url\":\"https:\/\/goekalan-fotografie.de\/\",\"name\":\"G\u00f6kalan Fotografie\",\"description\":\"Nat\u00fcrlich - Pur - Kreativ Babyfotografie\",\"potentialAction\":[{\"@type\":\"SearchAction\",\"target\":{\"@type\":\"EntryPoint\",\"urlTemplate\":\"https:\/\/goekalan-fotografie.de\/?s={search_term_string}\"},\"query-input\":{\"@type\":\"PropertyValueSpecification\",\"valueRequired\":true,\"valueName\":\"search_term_string\"}}],\"inLanguage\":\"de\"}]}<\/script>\n<!-- \/ Yoast SEO plugin. -->","yoast_head_json":{"title":"Impressum - G\u00f6kalan Fotografie","robots":{"index":"index","follow":"follow","max-snippet":"max-snippet:-1","max-image-preview":"max-image-preview:large","max-video-preview":"max-video-preview:-1"},"canonical":"https:\/\/goekalan-fotografie.de\/?page_id=187","og_locale":"de_DE","og_type":"article","og_title":"Impressum - G\u00f6kalan Fotografie","og_description":"Angaben gem. \u00a7 5 TMG Fatma G\u00f6kalan Orff-Str. 7a48346 Ostbevern Kontakt: Tel:&nbsp;01705269951 oder 02532963790E-Mail: info@goekalan-fotografie.de Verantwortlich f\u00fcr den Inhalt nach \u00a7 55 Abs. 2 RStV: Fatma G\u00f6kalan Europ\u00e4ische Online-Streitbeilegungs-PlattformAb dem 15. Februar 2016 hat die EU-Kommission eine Plattform zur au\u00dfergerichtlichen Streitschlichtung bereit gestellt. Als Verbraucher gibt dies die M\u00f6glichkeit, Streitigkeiten im Zusammenhang mit Online-Bestellungen vorerst [&hellip;]","og_url":"https:\/\/goekalan-fotografie.de\/?page_id=187","og_site_name":"G\u00f6kalan Fotografie","article_modified_time":"2021-01-17T17:24:40+00:00","twitter_card":"summary_large_image","schema":{"@context":"https:\/\/schema.org","@graph":[{"@type":"WebPage","@id":"https:\/\/goekalan-fotografie.de\/?page_id=187","url":"https:\/\/goekalan-fotografie.de\/?page_id=187","name":"Impressum - G\u00f6kalan Fotografie","isPartOf":{"@id":"https:\/\/goekalan-fotografie.de\/#website"},"datePublished":"2021-01-17T17:24:38+00:00","dateModified":"2021-01-17T17:24:40+00:00","breadcrumb":{"@id":"https:\/\/goekalan-fotografie.de\/?page_id=187#breadcrumb"},"inLanguage":"de","potentialAction":[{"@type":"ReadAction","target":["https:\/\/goekalan-fotografie.de\/?page_id=187"]}]},{"@type":"BreadcrumbList","@id":"https:\/\/goekalan-fotografie.de\/?page_id=187#breadcrumb","itemListElement":[{"@type":"ListItem","position":1,"name":"Startseite","item":"https:\/\/goekalan-fotografie.de\/"},{"@type":"ListItem","position":2,"name":"Impressum"}]},{"@type":"WebSite","@id":"https:\/\/goekalan-fotografie.de\/#website","url":"https:\/\/goekalan-fotografie.de\/","name":"G\u00f6kalan Fotografie","description":"Nat\u00fcrlich - Pur - Kreativ Babyfotografie","potentialAction":[{"@type":"SearchAction","target":{"@type":"EntryPoint","urlTemplate":"https:\/\/goekalan-fotografie.de\/?s={search_term_string}"},"query-input":{"@type":"PropertyValueSpecification","valueRequired":true,"valueName":"search_term_string"}}],"inLanguage":"de"}]}},"_links":{"self":[{"href":"https:\/\/goekalan-fotografie.de\/index.php?rest_route=\/wp\/v2\/pages\/187","targetHints":{"allow":["GET"]}}],"collection":[{"href":"https:\/\/goekalan-fotografie.de\/index.php?rest_route=\/wp\/v2\/pages"}],"about":[{"href":"https:\/\/goekalan-fotografie.de\/index.php?rest_route=\/wp\/v2\/types\/page"}],"author":[{"embeddable":true,"href":"https:\/\/goekalan-fotografie.de\/index.php?rest_route=\/wp\/v2\/users\/1"}],"replies":[{"embeddable":true,"href":"https:\/\/goekalan-fotografie.de\/index.php?rest_route=%2Fwp%2Fv2%2Fcomments&post=187"}],"version-history":[{"count":2,"href":"https:\/\/goekalan-fotografie.de\/index.php?rest_route=\/wp\/v2\/pages\/187\/revisions"}],"predecessor-version":[{"id":191,"href":"https:\/\/goekalan-fotografie.de\/index.php?rest_route=\/wp\/v2\/pages\/187\/revisions\/191"}],"wp:attachment":[{"href":"https:\/\/goekalan-fotografie.de\/index.php?rest_route=%2Fwp%2Fv2%2Fmedia&parent=187"}],"curies":[{"name":"wp","href":"https:\/\/api.w.org\/{rel}","templated":true}]}}