{"id":156,"date":"2021-01-17T14:01:10","date_gmt":"2021-01-17T14:01:10","guid":{"rendered":"https:\/\/goekalan-fotografie.de\/?page_id=156"},"modified":"2024-12-14T22:07:48","modified_gmt":"2024-12-14T22:07:48","slug":"preise","status":"publish","type":"page","link":"https:\/\/goekalan-fotografie.de\/?page_id=156","title":{"rendered":"Preise"},"content":{"rendered":"\n<figure class=\"wp-block-image size-large\"><img loading=\"lazy\" decoding=\"async\" width=\"1024\" height=\"742\" src=\"https:\/\/goekalan-fotografie.de\/wp-content\/uploads\/2021\/01\/20-156-page\/cakesmash-1024x742.jpg\" alt=\"\" class=\"wp-image-486\" srcset=\"https:\/\/goekalan-fotografie.de\/wp-content\/uploads\/2021\/01\/20-156-page\/cakesmash-1024x742.jpg 1024w, https:\/\/goekalan-fotografie.de\/wp-content\/uploads\/2021\/01\/20-156-page\/cakesmash-300x217.jpg 300w, https:\/\/goekalan-fotografie.de\/wp-content\/uploads\/2021\/01\/20-156-page\/cakesmash-768x556.jpg 768w, https:\/\/goekalan-fotografie.de\/wp-content\/uploads\/2021\/01\/20-156-page\/cakesmash-1536x1112.jpg 1536w, https:\/\/goekalan-fotografie.de\/wp-content\/uploads\/2021\/01\/20-156-page\/cakesmash-2048x1483.jpg 2048w, https:\/\/goekalan-fotografie.de\/wp-content\/uploads\/2021\/01\/20-156-page\/cakesmash-50x36.jpg 50w\" sizes=\"auto, (max-width: 1024px) 100vw, 1024px\" \/><\/figure>\n\n\n\n<figure class=\"wp-block-image size-large\"><img loading=\"lazy\" decoding=\"async\" width=\"1024\" height=\"742\" src=\"https:\/\/goekalan-fotografie.de\/wp-content\/uploads\/2024\/12\/2024-12-14_0001-1024x742.jpg\" alt=\"\" class=\"wp-image-1099\" srcset=\"https:\/\/goekalan-fotografie.de\/wp-content\/uploads\/2024\/12\/2024-12-14_0001-1024x742.jpg 1024w, https:\/\/goekalan-fotografie.de\/wp-content\/uploads\/2024\/12\/2024-12-14_0001-300x217.jpg 300w, https:\/\/goekalan-fotografie.de\/wp-content\/uploads\/2024\/12\/2024-12-14_0001-768x556.jpg 768w, https:\/\/goekalan-fotografie.de\/wp-content\/uploads\/2024\/12\/2024-12-14_0001-1536x1113.jpg 1536w, https:\/\/goekalan-fotografie.de\/wp-content\/uploads\/2024\/12\/2024-12-14_0001-50x36.jpg 50w, https:\/\/goekalan-fotografie.de\/wp-content\/uploads\/2024\/12\/2024-12-14_0001.jpg 2032w\" sizes=\"auto, (max-width: 1024px) 100vw, 1024px\" \/><\/figure>\n\n\n\n<figure class=\"wp-block-image size-large\"><img loading=\"lazy\" decoding=\"async\" width=\"1024\" height=\"742\" src=\"https:\/\/goekalan-fotografie.de\/wp-content\/uploads\/2021\/01\/upgrade-1024x742.jpg\" alt=\"\" class=\"wp-image-58\" srcset=\"https:\/\/goekalan-fotografie.de\/wp-content\/uploads\/2021\/01\/upgrade-1024x742.jpg 1024w, https:\/\/goekalan-fotografie.de\/wp-content\/uploads\/2021\/01\/upgrade-300x217.jpg 300w, https:\/\/goekalan-fotografie.de\/wp-content\/uploads\/2021\/01\/upgrade-768x556.jpg 768w, https:\/\/goekalan-fotografie.de\/wp-content\/uploads\/2021\/01\/upgrade-1536x1112.jpg 1536w, https:\/\/goekalan-fotografie.de\/wp-content\/uploads\/2021\/01\/upgrade-2048x1483.jpg 2048w, https:\/\/goekalan-fotografie.de\/wp-content\/uploads\/2021\/01\/upgrade-50x36.jpg 50w\" sizes=\"auto, (max-width: 1024px) 100vw, 1024px\" \/><\/figure>\n\n\n\n<p class=\"has-white-color has-text-color\">Ostbevern M\u00fcnster, Warendorf, Telgte, Osnabr\u00fcck, Sassenberg, Ahlen, Beckum, Beelen, Babyfotografie, Kinderfotografie Babybauch, Babies, Baby,, Babyfotograf, Famienfotos, Familienfotografiegrafie<\/p>\n","protected":false},"excerpt":{"rendered":"<p>Ostbevern M\u00fcnster, Warendorf, Telgte, Osnabr\u00fcck, Sassenberg, Ahlen, Beckum, Beelen, Babyfotografie, Kinderfotografie Babybauch, Babies, Baby,, Babyfotograf, Famienfotos, Familienfotografiegrafie<\/p>\n","protected":false},"author":1,"featured_media":0,"parent":0,"menu_order":0,"comment_status":"closed","ping_status":"closed","template":"","meta":{"pp_embeds":"{}","footnotes":""},"class_list":["post-156","page","type-page","status-publish","hentry"],"yoast_head":"<!-- This site is optimized with the Yoast SEO plugin v25.1 - https:\/\/yoast.com\/wordpress\/plugins\/seo\/ -->\n<title>Preise - G\u00f6kalan Fotografie<\/title>\n<meta name=\"robots\" content=\"index, follow, max-snippet:-1, max-image-preview:large, max-video-preview:-1\" \/>\n<link rel=\"canonical\" href=\"https:\/\/goekalan-fotografie.de\/?page_id=156\" \/>\n<meta property=\"og:locale\" content=\"de_DE\" \/>\n<meta property=\"og:type\" content=\"article\" \/>\n<meta property=\"og:title\" content=\"Preise - G\u00f6kalan Fotografie\" \/>\n<meta property=\"og:description\" content=\"Ostbevern M\u00fcnster, Warendorf, Telgte, Osnabr\u00fcck, Sassenberg, Ahlen, Beckum, Beelen, Babyfotografie, Kinderfotografie Babybauch, Babies, Baby,, Babyfotograf, Famienfotos, Familienfotografiegrafie\" \/>\n<meta property=\"og:url\" content=\"https:\/\/goekalan-fotografie.de\/?page_id=156\" \/>\n<meta property=\"og:site_name\" content=\"G\u00f6kalan Fotografie\" \/>\n<meta property=\"article:modified_time\" content=\"2024-12-14T22:07:48+00:00\" \/>\n<meta property=\"og:image\" content=\"https:\/\/goekalan-fotografie.de\/wp-content\/uploads\/2021\/01\/20-156-page\/cakesmash-1024x742.jpg\" \/>\n<meta name=\"twitter:card\" content=\"summary_large_image\" \/>\n<meta name=\"twitter:label1\" content=\"Gesch\u00e4tzte Lesezeit\" \/>\n\t<meta name=\"twitter:data1\" content=\"1\u00a0Minute\" \/>\n<script type=\"application\/ld+json\" class=\"yoast-schema-graph\">{\"@context\":\"https:\/\/schema.org\",\"@graph\":[{\"@type\":\"WebPage\",\"@id\":\"https:\/\/goekalan-fotografie.de\/?page_id=156\",\"url\":\"https:\/\/goekalan-fotografie.de\/?page_id=156\",\"name\":\"Preise - G\u00f6kalan Fotografie\",\"isPartOf\":{\"@id\":\"https:\/\/goekalan-fotografie.de\/#website\"},\"primaryImageOfPage\":{\"@id\":\"https:\/\/goekalan-fotografie.de\/?page_id=156#primaryimage\"},\"image\":{\"@id\":\"https:\/\/goekalan-fotografie.de\/?page_id=156#primaryimage\"},\"thumbnailUrl\":\"https:\/\/goekalan-fotografie.de\/wp-content\/uploads\/2021\/01\/20-156-page\/cakesmash-1024x742.jpg\",\"datePublished\":\"2021-01-17T14:01:10+00:00\",\"dateModified\":\"2024-12-14T22:07:48+00:00\",\"breadcrumb\":{\"@id\":\"https:\/\/goekalan-fotografie.de\/?page_id=156#breadcrumb\"},\"inLanguage\":\"de\",\"potentialAction\":[{\"@type\":\"ReadAction\",\"target\":[\"https:\/\/goekalan-fotografie.de\/?page_id=156\"]}]},{\"@type\":\"ImageObject\",\"inLanguage\":\"de\",\"@id\":\"https:\/\/goekalan-fotografie.de\/?page_id=156#primaryimage\",\"url\":\"https:\/\/goekalan-fotografie.de\/wp-content\/uploads\/2021\/01\/20-156-page\/cakesmash.jpg\",\"contentUrl\":\"https:\/\/goekalan-fotografie.de\/wp-content\/uploads\/2021\/01\/20-156-page\/cakesmash.jpg\",\"width\":2176,\"height\":1576,\"caption\":\"Babyfotografie, Kinderfotografie, Babyfotos, Familienfotografie,M\u00fcnster, ostbevern, Telgte, Warendorf, Greven, Emsdetten, Ahlen, Beckum, Osnabr\u00fcck, Beelen\"},{\"@type\":\"BreadcrumbList\",\"@id\":\"https:\/\/goekalan-fotografie.de\/?page_id=156#breadcrumb\",\"itemListElement\":[{\"@type\":\"ListItem\",\"position\":1,\"name\":\"Startseite\",\"item\":\"https:\/\/goekalan-fotografie.de\/\"},{\"@type\":\"ListItem\",\"position\":2,\"name\":\"Preise\"}]},{\"@type\":\"WebSite\",\"@id\":\"https:\/\/goekalan-fotografie.de\/#website\",\"url\":\"https:\/\/goekalan-fotografie.de\/\",\"name\":\"G\u00f6kalan Fotografie\",\"description\":\"Nat\u00fcrlich - Pur - Kreativ Babyfotografie\",\"potentialAction\":[{\"@type\":\"SearchAction\",\"target\":{\"@type\":\"EntryPoint\",\"urlTemplate\":\"https:\/\/goekalan-fotografie.de\/?s={search_term_string}\"},\"query-input\":{\"@type\":\"PropertyValueSpecification\",\"valueRequired\":true,\"valueName\":\"search_term_string\"}}],\"inLanguage\":\"de\"}]}<\/script>\n<!-- \/ Yoast SEO plugin. -->","yoast_head_json":{"title":"Preise - G\u00f6kalan Fotografie","robots":{"index":"index","follow":"follow","max-snippet":"max-snippet:-1","max-image-preview":"max-image-preview:large","max-video-preview":"max-video-preview:-1"},"canonical":"https:\/\/goekalan-fotografie.de\/?page_id=156","og_locale":"de_DE","og_type":"article","og_title":"Preise - G\u00f6kalan Fotografie","og_description":"Ostbevern M\u00fcnster, Warendorf, Telgte, Osnabr\u00fcck, Sassenberg, Ahlen, Beckum, Beelen, Babyfotografie, Kinderfotografie Babybauch, Babies, Baby,, Babyfotograf, Famienfotos, Familienfotografiegrafie","og_url":"https:\/\/goekalan-fotografie.de\/?page_id=156","og_site_name":"G\u00f6kalan Fotografie","article_modified_time":"2024-12-14T22:07:48+00:00","og_image":[{"url":"https:\/\/goekalan-fotografie.de\/wp-content\/uploads\/2021\/01\/20-156-page\/cakesmash-1024x742.jpg","type":"","width":"","height":""}],"twitter_card":"summary_large_image","twitter_misc":{"Gesch\u00e4tzte Lesezeit":"1\u00a0Minute"},"schema":{"@context":"https:\/\/schema.org","@graph":[{"@type":"WebPage","@id":"https:\/\/goekalan-fotografie.de\/?page_id=156","url":"https:\/\/goekalan-fotografie.de\/?page_id=156","name":"Preise - G\u00f6kalan Fotografie","isPartOf":{"@id":"https:\/\/goekalan-fotografie.de\/#website"},"primaryImageOfPage":{"@id":"https:\/\/goekalan-fotografie.de\/?page_id=156#primaryimage"},"image":{"@id":"https:\/\/goekalan-fotografie.de\/?page_id=156#primaryimage"},"thumbnailUrl":"https:\/\/goekalan-fotografie.de\/wp-content\/uploads\/2021\/01\/20-156-page\/cakesmash-1024x742.jpg","datePublished":"2021-01-17T14:01:10+00:00","dateModified":"2024-12-14T22:07:48+00:00","breadcrumb":{"@id":"https:\/\/goekalan-fotografie.de\/?page_id=156#breadcrumb"},"inLanguage":"de","potentialAction":[{"@type":"ReadAction","target":["https:\/\/goekalan-fotografie.de\/?page_id=156"]}]},{"@type":"ImageObject","inLanguage":"de","@id":"https:\/\/goekalan-fotografie.de\/?page_id=156#primaryimage","url":"https:\/\/goekalan-fotografie.de\/wp-content\/uploads\/2021\/01\/20-156-page\/cakesmash.jpg","contentUrl":"https:\/\/goekalan-fotografie.de\/wp-content\/uploads\/2021\/01\/20-156-page\/cakesmash.jpg","width":2176,"height":1576,"caption":"Babyfotografie, Kinderfotografie, Babyfotos, Familienfotografie,M\u00fcnster, ostbevern, Telgte, Warendorf, Greven, Emsdetten, Ahlen, Beckum, Osnabr\u00fcck, Beelen"},{"@type":"BreadcrumbList","@id":"https:\/\/goekalan-fotografie.de\/?page_id=156#breadcrumb","itemListElement":[{"@type":"ListItem","position":1,"name":"Startseite","item":"https:\/\/goekalan-fotografie.de\/"},{"@type":"ListItem","position":2,"name":"Preise"}]},{"@type":"WebSite","@id":"https:\/\/goekalan-fotografie.de\/#website","url":"https:\/\/goekalan-fotografie.de\/","name":"G\u00f6kalan Fotografie","description":"Nat\u00fcrlich - Pur - Kreativ Babyfotografie","potentialAction":[{"@type":"SearchAction","target":{"@type":"EntryPoint","urlTemplate":"https:\/\/goekalan-fotografie.de\/?s={search_term_string}"},"query-input":{"@type":"PropertyValueSpecification","valueRequired":true,"valueName":"search_term_string"}}],"inLanguage":"de"}]}},"_links":{"self":[{"href":"https:\/\/goekalan-fotografie.de\/index.php?rest_route=\/wp\/v2\/pages\/156","targetHints":{"allow":["GET"]}}],"collection":[{"href":"https:\/\/goekalan-fotografie.de\/index.php?rest_route=\/wp\/v2\/pages"}],"about":[{"href":"https:\/\/goekalan-fotografie.de\/index.php?rest_route=\/wp\/v2\/types\/page"}],"author":[{"embeddable":true,"href":"https:\/\/goekalan-fotografie.de\/index.php?rest_route=\/wp\/v2\/users\/1"}],"replies":[{"embeddable":true,"href":"https:\/\/goekalan-fotografie.de\/index.php?rest_route=%2Fwp%2Fv2%2Fcomments&post=156"}],"version-history":[{"count":3,"href":"https:\/\/goekalan-fotografie.de\/index.php?rest_route=\/wp\/v2\/pages\/156\/revisions"}],"predecessor-version":[{"id":1100,"href":"https:\/\/goekalan-fotografie.de\/index.php?rest_route=\/wp\/v2\/pages\/156\/revisions\/1100"}],"wp:attachment":[{"href":"https:\/\/goekalan-fotografie.de\/index.php?rest_route=%2Fwp%2Fv2%2Fmedia&parent=156"}],"curies":[{"name":"wp","href":"https:\/\/api.w.org\/{rel}","templated":true}]}}